{"id":5,"date":"2017-04-21T08:07:13","date_gmt":"2017-04-21T08:07:13","guid":{"rendered":"http:\/\/minigolf-emmen.ch\/?page_id=5"},"modified":"2024-07-02T08:34:13","modified_gmt":"2024-07-02T08:34:13","slug":"anfahrt","status":"publish","type":"page","link":"https:\/\/minigolf-emmen.ch\/?page_id=5","title":{"rendered":"Kontakt und Anfahrt"},"content":{"rendered":"\n<p><\/p>\n\n\n\n<h1 class=\"wp-block-heading\">KONTAKT UND ANFAHRT<\/h1>\n\n\n\n<p>Die Minigolfanlage ist Teil der <a href=\"https:\/\/www.emmen.ch\/unterinstanzen\/14124\">Sportanlagen<\/a> Emmen. <br>Sie befindet sich auf dem Areal Gersag, an der <strong>Moosh\u00fcslistrasse 65<\/strong>, 6032 Emmen.<\/p>\n\n\n\n<iframe src=\"https:\/\/www.google.com\/maps\/embed?pb=!1m18!1m12!1m3!1d2716.921636492956!2d8.283794976699244!3d47.08100032412434!2m3!1f0!2f0!3f0!3m2!1i1024!2i768!4f13.1!3m3!1m2!1s0x478ffcbd55d746cf%3A0x90c2246c5abf568!2sMinigolf%20Emmen!5e0!3m2!1sde!2sch!4v1710238925859!5m2!1sde!2sch\" width=\"600\" height=\"450\" style=\"border:0;\" allowfullscreen=\"\" loading=\"lazy\" referrerpolicy=\"no-referrer-when-downgrade\"><\/iframe>\n\n\n\n<p>Mit den Buslinien 42 und 43 fahren Sie bis zur Station <strong>Emmen, Schwimmbad Moosh\u00fcsli<\/strong>. Vor Ort hat es einige kostenpflichtige Parkpl\u00e4tze.<\/p>\n\n\n\n<p><\/p>\n\n\n\n<p><strong>Sie haben Fragen oder ein Anliegen?<\/strong><\/p>\n\n\n\n<p>Schreiben Sie uns an <a href=\"mailto:minigolfemmen@outlook.com\" target=\"_blank\" rel=\"noreferrer noopener\">minigolfemmen@outlook.com<\/a>.<br>W\u00e4hrend den <a href=\"http:\/\/minigolf-emmen.ch\/?page_id=11\" data-type=\"page\" data-id=\"11\">\u00d6ffnungszeiten<\/a> sind wir gerne unter der Telefonnummer <strong>079 578 80 05<\/strong> f\u00fcr Sie erreichbar oder schauen Sie einfach direkt bei uns auf der Minigolf-Anlage vorbei. <br><\/p>\n","protected":false},"excerpt":{"rendered":"<p>KONTAKT UND ANFAHRT Die Minigolfanlage ist Teil der Sportanlagen Emmen. Sie befindet sich auf dem Areal Gersag, an der Moosh\u00fcslistrasse 65, 6032 Emmen. Mit den Buslinien 42 und 43 fahren Sie bis zur Station Emmen, Schwimmbad Moosh\u00fcsli. Vor Ort hat es einige kostenpflichtige Parkpl\u00e4tze. Sie haben Fragen oder ein Anliegen? Schreiben Sie uns an minigolfemmen@outlook.com.W\u00e4hrend &hellip; <\/p>\n<p class=\"link-more\"><a href=\"https:\/\/minigolf-emmen.ch\/?page_id=5\" class=\"more-link\"><span class=\"screen-reader-text\">\u201eKontakt und Anfahrt\u201c <\/span>weiterlesen<\/a><\/p>\n","protected":false},"author":1,"featured_media":0,"parent":0,"menu_order":0,"comment_status":"closed","ping_status":"closed","template":"","meta":{"footnotes":""},"_links":{"self":[{"href":"https:\/\/minigolf-emmen.ch\/index.php?rest_route=\/wp\/v2\/pages\/5"}],"collection":[{"href":"https:\/\/minigolf-emmen.ch\/index.php?rest_route=\/wp\/v2\/pages"}],"about":[{"href":"https:\/\/minigolf-emmen.ch\/index.php?rest_route=\/wp\/v2\/types\/page"}],"author":[{"embeddable":true,"href":"https:\/\/minigolf-emmen.ch\/index.php?rest_route=\/wp\/v2\/users\/1"}],"replies":[{"embeddable":true,"href":"https:\/\/minigolf-emmen.ch\/index.php?rest_route=%2Fwp%2Fv2%2Fcomments&post=5"}],"version-history":[{"count":15,"href":"https:\/\/minigolf-emmen.ch\/index.php?rest_route=\/wp\/v2\/pages\/5\/revisions"}],"predecessor-version":[{"id":1004,"href":"https:\/\/minigolf-emmen.ch\/index.php?rest_route=\/wp\/v2\/pages\/5\/revisions\/1004"}],"wp:attachment":[{"href":"https:\/\/minigolf-emmen.ch\/index.php?rest_route=%2Fwp%2Fv2%2Fmedia&parent=5"}],"curies":[{"name":"wp","href":"https:\/\/api.w.org\/{rel}","templated":true}]}}