{"id":2,"date":"2016-05-10T03:48:21","date_gmt":"2016-05-10T03:48:21","guid":{"rendered":"http:\/\/minigolf-emmen.ch\/?page_id=2"},"modified":"2024-01-24T09:34:13","modified_gmt":"2024-01-24T09:34:13","slug":"sample-page","status":"publish","type":"page","link":"https:\/\/minigolf-emmen.ch\/?page_id=2","title":{"rendered":"Anlage"},"content":{"rendered":"<p>Die Minigolfanlage in der Gemeinde Emmen ist Freizeitort und Treffpunkt zugleich. Auf den neu sanierten Bahnen macht das Minigolfspiel besonders Spass.<\/p>\n<p>Die 18-Loch Minigolfanlage liegt direkt beim Schwimm- und Hallenbad Moosh\u00fcsli, bequem erreichbar mit dem Bus. Geb\u00fchrenpflichtige Parkpl\u00e4tze sind bei der Minigolfanlage vorhanden.<\/p>\n<p>Vor Ort bieten wir zudem Verpflegungsm\u00f6glichkeiten in unserem Kiosk. Sie k\u00f6nnen Getr\u00e4nke, Glaces und auf Anfrage kleinere Snacks kaufen.<\/p>\n","protected":false},"excerpt":{"rendered":"<p>Die Minigolfanlage in der Gemeinde Emmen ist Freizeitort und Treffpunkt zugleich. Auf den neu sanierten Bahnen macht das Minigolfspiel besonders Spass. Die 18-Loch Minigolfanlage liegt direkt beim Schwimm- und Hallenbad Moosh\u00fcsli, bequem erreichbar mit dem Bus. Geb\u00fchrenpflichtige Parkpl\u00e4tze sind bei der Minigolfanlage vorhanden. Vor Ort bieten wir zudem Verpflegungsm\u00f6glichkeiten in unserem Kiosk. Sie k\u00f6nnen Getr\u00e4nke, &hellip; <\/p>\n<p class=\"link-more\"><a href=\"https:\/\/minigolf-emmen.ch\/?page_id=2\" class=\"more-link\"><span class=\"screen-reader-text\">\u201eAnlage\u201c <\/span>weiterlesen<\/a><\/p>\n","protected":false},"author":1,"featured_media":0,"parent":0,"menu_order":0,"comment_status":"closed","ping_status":"open","template":"","meta":{"footnotes":""},"_links":{"self":[{"href":"https:\/\/minigolf-emmen.ch\/index.php?rest_route=\/wp\/v2\/pages\/2"}],"collection":[{"href":"https:\/\/minigolf-emmen.ch\/index.php?rest_route=\/wp\/v2\/pages"}],"about":[{"href":"https:\/\/minigolf-emmen.ch\/index.php?rest_route=\/wp\/v2\/types\/page"}],"author":[{"embeddable":true,"href":"https:\/\/minigolf-emmen.ch\/index.php?rest_route=\/wp\/v2\/users\/1"}],"replies":[{"embeddable":true,"href":"https:\/\/minigolf-emmen.ch\/index.php?rest_route=%2Fwp%2Fv2%2Fcomments&post=2"}],"version-history":[{"count":5,"href":"https:\/\/minigolf-emmen.ch\/index.php?rest_route=\/wp\/v2\/pages\/2\/revisions"}],"predecessor-version":[{"id":924,"href":"https:\/\/minigolf-emmen.ch\/index.php?rest_route=\/wp\/v2\/pages\/2\/revisions\/924"}],"wp:attachment":[{"href":"https:\/\/minigolf-emmen.ch\/index.php?rest_route=%2Fwp%2Fv2%2Fmedia&parent=2"}],"curies":[{"name":"wp","href":"https:\/\/api.w.org\/{rel}","templated":true}]}}